{"id":1695,"date":"2024-07-09T17:35:41","date_gmt":"2024-07-09T15:35:41","guid":{"rendered":"https:\/\/hotel-nolda.ch\/contact\/"},"modified":"2025-01-03T13:25:39","modified_gmt":"2025-01-03T12:25:39","slug":"contact","status":"publish","type":"page","link":"https:\/\/hotel-nolda.ch\/fr\/contact\/","title":{"rendered":"Contact"},"content":{"rendered":"\t\t<div data-elementor-type=\"wp-page\" data-elementor-id=\"1695\" class=\"elementor elementor-1695 elementor-396\" data-elementor-post-type=\"page\">\n\t\t\t\t<div class=\"elementor-element elementor-element-1afc1cf e-flex e-con-boxed e-con e-parent\" data-id=\"1afc1cf\" data-element_type=\"container\" data-e-type=\"container\" data-settings=\"{&quot;background_background&quot;:&quot;classic&quot;}\">\n\t\t\t\t\t<div class=\"e-con-inner\">\n\t\t\t\t<div class=\"elementor-element elementor-element-9e864f7 animated-slow elementor-invisible elementor-widget elementor-widget-heading\" data-id=\"9e864f7\" data-element_type=\"widget\" data-e-type=\"widget\" data-settings=\"{&quot;_animation&quot;:&quot;fadeInUp&quot;,&quot;_animation_delay&quot;:200}\" data-widget_type=\"heading.default\">\n\t\t\t\t<div class=\"elementor-widget-container\">\n\t\t\t\t\t<h2 class=\"elementor-heading-title elementor-size-default\">Contact.<br>  H\u00f4tel Nolda.<\/h2>\t\t\t\t<\/div>\n\t\t\t\t<\/div>\n\t\t\t\t\t<\/div>\n\t\t\t\t<\/div>\n\t\t<div class=\"elementor-element elementor-element-5ffb234 e-flex e-con-boxed e-con e-parent\" data-id=\"5ffb234\" data-element_type=\"container\" data-e-type=\"container\">\n\t\t\t\t\t<div class=\"e-con-inner\">\n\t\t<div class=\"elementor-element elementor-element-2c00042 animated-slow e-flex e-con-boxed elementor-invisible e-con e-child\" data-id=\"2c00042\" data-element_type=\"container\" data-e-type=\"container\" data-settings=\"{&quot;animation&quot;:&quot;fadeIn&quot;,&quot;animation_delay&quot;:200}\">\n\t\t\t\t\t<div class=\"e-con-inner\">\n\t\t<div class=\"elementor-element elementor-element-f942d11 e-con-full e-flex e-con e-child\" data-id=\"f942d11\" data-element_type=\"container\" data-e-type=\"container\">\n\t\t\t\t<div class=\"elementor-element elementor-element-c335ee2 elementor-invisible elementor-widget elementor-widget-heading\" data-id=\"c335ee2\" data-element_type=\"widget\" data-e-type=\"widget\" data-settings=\"{&quot;_animation&quot;:&quot;fadeInUp&quot;,&quot;_animation_delay&quot;:400}\" data-widget_type=\"heading.default\">\n\t\t\t\t<div class=\"elementor-widget-container\">\n\t\t\t\t\t<h3 class=\"elementor-heading-title elementor-size-default\">H\u00f4tel Nolda St. Moritz<\/h3>\t\t\t\t<\/div>\n\t\t\t\t<\/div>\n\t\t\t\t<div class=\"elementor-element elementor-element-9eb68d4 animated-slow elementor-invisible elementor-widget elementor-widget-heading\" data-id=\"9eb68d4\" data-element_type=\"widget\" data-e-type=\"widget\" data-settings=\"{&quot;_animation_delay&quot;:500,&quot;_animation&quot;:&quot;fadeInUp&quot;}\" data-widget_type=\"heading.default\">\n\t\t\t\t<div class=\"elementor-widget-container\">\n\t\t\t\t\t<h2 class=\"elementor-heading-title elementor-size-default\">Contact<\/h2>\t\t\t\t<\/div>\n\t\t\t\t<\/div>\n\t\t\t\t<div class=\"elementor-element elementor-element-5de6820 animated-slow elementor-invisible elementor-widget elementor-widget-text-editor\" data-id=\"5de6820\" data-element_type=\"widget\" data-e-type=\"widget\" data-settings=\"{&quot;_animation&quot;:&quot;fadeIn&quot;,&quot;_animation_delay&quot;:600}\" data-widget_type=\"text-editor.default\">\n\t\t\t\t<div class=\"elementor-widget-container\">\n\t\t\t\t\t\t\t\t\t<p>H\u00f4tel Nolda<br \/>Via Crasta 3 &#8211; CH-7500 St. Moritz<br \/>T. +41 (0)81 833 05 75 &#8211; F. +41 (0)81 833 87 51 &#8211; <a href=\"mailto:info@nolda.ch\">info@nolda.ch<\/a><\/p>\n\t\t\t\t\t\t\t\t<\/div>\n\t\t\t\t<\/div>\n\t\t\t\t<\/div>\n\t\t\t\t\t<\/div>\n\t\t\t\t<\/div>\n\t\t\t\t\t<\/div>\n\t\t\t\t<\/div>\n\t\t<div class=\"elementor-element elementor-element-24eb23c e-flex e-con-boxed e-con e-parent\" data-id=\"24eb23c\" data-element_type=\"container\" data-e-type=\"container\" id=\"lage\">\n\t\t\t\t\t<div class=\"e-con-inner\">\n\t\t<div class=\"elementor-element elementor-element-b19d2b9 e-con-full e-flex e-con e-child\" data-id=\"b19d2b9\" data-element_type=\"container\" data-e-type=\"container\">\n\t\t\t\t<div class=\"elementor-element elementor-element-a00476e elementor-widget elementor-widget-heading\" data-id=\"a00476e\" data-element_type=\"widget\" data-e-type=\"widget\" data-widget_type=\"heading.default\">\n\t\t\t\t<div class=\"elementor-widget-container\">\n\t\t\t\t\t<h2 class=\"elementor-heading-title elementor-size-default\">H\u00f4tel Nolda<\/h2>\t\t\t\t<\/div>\n\t\t\t\t<\/div>\n\t\t\t\t<div class=\"elementor-element elementor-element-da76ba4 elementor-widget elementor-widget-text-editor\" data-id=\"da76ba4\" data-element_type=\"widget\" data-e-type=\"widget\" data-widget_type=\"text-editor.default\">\n\t\t\t\t<div class=\"elementor-widget-container\">\n\t\t\t\t\t\t\t\t\t<p>Via Crasta 3<br \/>7500 St. Moritz<br \/>Suisse<\/p>\n<p><strong>T.<\/strong> +41 (0)81 833 05 75<br \/><strong>F.<\/strong> +41 (0)81 833 87 51<br \/><strong>E.<\/strong> <a href=\"mailto:info@nolda.ch\">info@nolda.ch<\/a><\/p>\n\t\t\t\t\t\t\t\t<\/div>\n\t\t\t\t<\/div>\n\t\t\t\t<div class=\"elementor-element elementor-element-e7192a7 elementor-align-left animated-slow elementor-invisible elementor-widget elementor-widget-button\" data-id=\"e7192a7\" data-element_type=\"widget\" data-e-type=\"widget\" data-settings=\"{&quot;_animation&quot;:&quot;fadeInUp&quot;,&quot;_animation_delay&quot;:200}\" data-widget_type=\"button.default\">\n\t\t\t\t<div class=\"elementor-widget-container\">\n\t\t\t\t\t\t\t\t\t<div class=\"elementor-button-wrapper\">\n\t\t\t\t\t<a class=\"elementor-button elementor-button-link elementor-size-sm\" href=\"https:\/\/swiss-hotel-supply.ch\/nolda\/?lang=fr\">\n\t\t\t\t\t\t<span class=\"elementor-button-content-wrapper\">\n\t\t\t\t\t\t\t\t\t<span class=\"elementor-button-text\">Contact pour les entreprises<\/span>\n\t\t\t\t\t<\/span>\n\t\t\t\t\t<\/a>\n\t\t\t\t<\/div>\n\t\t\t\t\t\t\t\t<\/div>\n\t\t\t\t<\/div>\n\t\t\t\t<\/div>\n\t\t<div class=\"elementor-element elementor-element-9edbee1 e-con-full e-flex e-con e-child\" data-id=\"9edbee1\" data-element_type=\"container\" data-e-type=\"container\">\n\t\t\t\t<div class=\"elementor-element elementor-element-4300639 elementor-widget elementor-widget-google_maps\" data-id=\"4300639\" data-element_type=\"widget\" data-e-type=\"widget\" data-widget_type=\"google_maps.default\">\n\t\t\t\t<div class=\"elementor-widget-container\">\n\t\t\t\t\t\t\t<div class=\"elementor-custom-embed\">\n\t\t\t<iframe loading=\"lazy\"\n\t\t\t\t\tsrc=\"https:\/\/maps.google.com\/maps?q=Hotel%20Nolda&#038;t=m&#038;z=14&#038;output=embed&#038;iwloc=near\"\n\t\t\t\t\ttitle=\"Hotel Nolda\"\n\t\t\t\t\taria-label=\"Hotel Nolda\"\n\t\t\t><\/iframe>\n\t\t<\/div>\n\t\t\t\t\t\t<\/div>\n\t\t\t\t<\/div>\n\t\t\t\t<div class=\"elementor-element elementor-element-4ef27e4 elementor-widget elementor-widget-heading\" data-id=\"4ef27e4\" data-element_type=\"widget\" data-e-type=\"widget\" data-widget_type=\"heading.default\">\n\t\t\t\t<div class=\"elementor-widget-container\">\n\t\t\t\t\t<h3 class=\"elementor-heading-title elementor-size-default\">COMMENT NOUS REJOINDRE<\/h3>\t\t\t\t<\/div>\n\t\t\t\t<\/div>\n\t\t\t\t<div class=\"elementor-element elementor-element-0f80c35 elementor-widget elementor-widget-text-editor\" data-id=\"0f80c35\" data-element_type=\"widget\" data-e-type=\"widget\" data-widget_type=\"text-editor.default\">\n\t\t\t\t<div class=\"elementor-widget-container\">\n\t\t\t\t\t\t\t\t\t<div class=\" element-short-top element-short-bottom\" data-os-animation=\"none\" data-os-animation-delay=\"0s\">\n<p class=\"has_transition_600 intro\">Vous trouverez ici quelques moyens de nous rejoindre.<\/p>\n<p class=\"included has_transition_600\"><strong>TRAIN<\/strong><\/p>\n<p class=\"info_text\">Le voyage avec les Chemins de fer rh\u00e9tiques (RhB) au d\u00e9part de Coire &#8211; Tiefencastel &#8211; Engadine est l&rsquo;une des plus belles lignes ferroviaires de toute l&rsquo;Europe. Vous pouvez \u00e9galement voyager de Landquart \u00e0 l&rsquo;Engadine via Klosters &#8211; tunnel de la Vereina. Ainsi, le trajet Zurich &#8211; St. Moritz dure 3 heures et 20 minutes.  <\/p>\n<p class=\"included has_transition_600\"><strong>VOITURE<\/strong><\/p>\n<p class=\"info_text\">En voiture, vous pouvez facilement atteindre St. Moritz depuis la Suisse, l&rsquo;Italie et l&rsquo;Allemagne.<\/p>\n<ul>\n<li>200 km Zurich (environ 3 h)<\/li>\n<li>290 km B\u00e2le (environ 4 h)<\/li>\n<li>170 km Milan (environ 3 h)<\/li>\n<li>290 km Munich (environ 4,5 h)<\/li>\n<\/ul>\n<p>En cas de neige fondue, le franchissement des cols n&rsquo;est autoris\u00e9 qu&rsquo;avec des cha\u00eenes ou des v\u00e9hicules 4\u00d74.<\/p>\n<p>Pour plus d&rsquo;informations: <a href=\"https:\/\/www.strassen.gr.ch\/\">\u00c9tat actuel des routes.<\/a><br \/>(Nous d\u00e9clinons toute responsabilit\u00e9 de quelque nature que ce soit sur la base des messages. La signalisation sur place fait foi.)<\/p>\n<p>Si vous souhaitez \u00e9viter de passer le col en voiture, la voiture peut \u00eatre charg\u00e9e sur le rail:<\/p>\n<p>Transport de voitures Albula: Thusis &#8211; Samedan (la voiture est charg\u00e9e &#8211; les personnes voyagent dans le compartiment), T +41 81 288 66 77<\/p>\n<p>Transport en voiture Vereina: Klosters\/Selfranga &#8211; Sagliains en Basse-Engadine (dur\u00e9e du trajet: 15 minutes, les personnes peuvent rester dans la voiture), T +41 (0) 81 288 37 37<\/p>\n<p>Pour plus d&rsquo;informations: <a href=\"http:\/\/www.rhb.ch\/fr\/home\">www.rhb.ch<\/a><\/p>\n<p class=\"included has_transition_600\"><strong>AVION<\/strong><\/p>\n<p class=\"info_text\">Depuis le Engadin Airport, vous avez des liaisons a\u00e9riennes avec les a\u00e9roports internationaux de Zurich, Gen\u00e8ve, B\u00e2le, Milan et Munich.<br \/><a href=\"http:\/\/www.engadin-airport.ch\/en\">Plus d\u2019informations sur le Engadin Airport<br \/><\/a><\/p>\n<\/div>\n\t\t\t\t\t\t\t\t<\/div>\n\t\t\t\t<\/div>\n\t\t\t\t<\/div>\n\t\t\t\t\t<\/div>\n\t\t\t\t<\/div>\n\t\t\t\t<\/div>\n\t\t","protected":false},"excerpt":{"rendered":"<p>Contact. H\u00f4tel Nolda. H\u00f4tel Nolda St. Moritz Contact H\u00f4tel NoldaVia Crasta 3 &#8211; CH-7500 St. MoritzT. +41 (0)81 833 05 [&hellip;]<\/p>\n","protected":false},"author":1,"featured_media":0,"parent":0,"menu_order":0,"comment_status":"closed","ping_status":"closed","template":"","meta":{"inline_featured_image":false,"site-sidebar-layout":"no-sidebar","site-content-layout":"","ast-site-content-layout":"full-width-container","site-content-style":"default","site-sidebar-style":"default","ast-global-header-display":"","ast-banner-title-visibility":"","ast-main-header-display":"","ast-hfb-above-header-display":"","ast-hfb-below-header-display":"","ast-hfb-mobile-header-display":"","site-post-title":"disabled","ast-breadcrumbs-content":"","ast-featured-img":"disabled","footer-sml-layout":"","ast-disable-related-posts":"","theme-transparent-header-meta":"","adv-header-id-meta":"","stick-header-meta":"","header-above-stick-meta":"","header-main-stick-meta":"","header-below-stick-meta":"","astra-migrate-meta-layouts":"default","ast-page-background-enabled":"default","ast-page-background-meta":{"desktop":{"background-color":"var(--ast-global-color-4)","background-image":"","background-repeat":"repeat","background-position":"center center","background-size":"auto","background-attachment":"scroll","background-type":"","background-media":"","overlay-type":"","overlay-color":"","overlay-opacity":"","overlay-gradient":""},"tablet":{"background-color":"","background-image":"","background-repeat":"repeat","background-position":"center center","background-size":"auto","background-attachment":"scroll","background-type":"","background-media":"","overlay-type":"","overlay-color":"","overlay-opacity":"","overlay-gradient":""},"mobile":{"background-color":"","background-image":"","background-repeat":"repeat","background-position":"center center","background-size":"auto","background-attachment":"scroll","background-type":"","background-media":"","overlay-type":"","overlay-color":"","overlay-opacity":"","overlay-gradient":""}},"ast-content-background-meta":{"desktop":{"background-color":"var(--ast-global-color-5)","background-image":"","background-repeat":"repeat","background-position":"center center","background-size":"auto","background-attachment":"scroll","background-type":"","background-media":"","overlay-type":"","overlay-color":"","overlay-opacity":"","overlay-gradient":""},"tablet":{"background-color":"var(--ast-global-color-5)","background-image":"","background-repeat":"repeat","background-position":"center center","background-size":"auto","background-attachment":"scroll","background-type":"","background-media":"","overlay-type":"","overlay-color":"","overlay-opacity":"","overlay-gradient":""},"mobile":{"background-color":"var(--ast-global-color-5)","background-image":"","background-repeat":"repeat","background-position":"center center","background-size":"auto","background-attachment":"scroll","background-type":"","background-media":"","overlay-type":"","overlay-color":"","overlay-opacity":"","overlay-gradient":""}},"footnotes":""},"class_list":["post-1695","page","type-page","status-publish","hentry"],"yoast_head":"<!-- This site is optimized with the Yoast SEO plugin v27.3 - https:\/\/yoast.com\/product\/yoast-seo-wordpress\/ -->\n<title>Contact - H\u00f4tel Nolda St. Moritz<\/title>\n<meta name=\"description\" content=\"Contact, situation et acc\u00e8s. Voici comment atteindre notre h\u00f4tel Nolda \u00e0 St. Moritz en Engadine. Vacances en Suisse.\" \/>\n<meta name=\"robots\" content=\"index, follow, max-snippet:-1, max-image-preview:large, max-video-preview:-1\" \/>\n<link rel=\"canonical\" href=\"https:\/\/hotel-nolda.ch\/fr\/contact\/\" \/>\n<meta property=\"og:locale\" content=\"fr_FR\" \/>\n<meta property=\"og:type\" content=\"article\" \/>\n<meta property=\"og:title\" content=\"Contact - H\u00f4tel Nolda St. Moritz\" \/>\n<meta property=\"og:description\" content=\"Contact, situation et acc\u00e8s. Voici comment atteindre notre h\u00f4tel Nolda \u00e0 St. Moritz en Engadine. Vacances en Suisse.\" \/>\n<meta property=\"og:url\" content=\"https:\/\/hotel-nolda.ch\/fr\/contact\/\" \/>\n<meta property=\"og:site_name\" content=\"Hotel Nolda St. Moritz\" \/>\n<meta property=\"article:publisher\" content=\"https:\/\/www.facebook.com\/hotel.nolda\/\" \/>\n<meta property=\"article:modified_time\" content=\"2025-01-03T12:25:39+00:00\" \/>\n<meta property=\"og:image\" content=\"https:\/\/hotel-nolda.ch\/wp-content\/uploads\/2024\/12\/Hotel-Nolda-St-Moritz-hotel-winter-thumb.jpg\" \/>\n\t<meta property=\"og:image:width\" content=\"600\" \/>\n\t<meta property=\"og:image:height\" content=\"340\" \/>\n\t<meta property=\"og:image:type\" content=\"image\/jpeg\" \/>\n<meta name=\"twitter:card\" content=\"summary_large_image\" \/>\n<meta name=\"twitter:label1\" content=\"Dur\u00e9e de lecture estim\u00e9e\" \/>\n\t<meta name=\"twitter:data1\" content=\"1 minute\" \/>\n<script type=\"application\/ld+json\" class=\"yoast-schema-graph\">{\"@context\":\"https:\\\/\\\/schema.org\",\"@graph\":[{\"@type\":\"WebPage\",\"@id\":\"https:\\\/\\\/hotel-nolda.ch\\\/fr\\\/contact\\\/\",\"url\":\"https:\\\/\\\/hotel-nolda.ch\\\/fr\\\/contact\\\/\",\"name\":\"Contact - H\u00f4tel Nolda St. Moritz\",\"isPartOf\":{\"@id\":\"https:\\\/\\\/hotel-nolda.ch\\\/#website\"},\"datePublished\":\"2024-07-09T15:35:41+00:00\",\"dateModified\":\"2025-01-03T12:25:39+00:00\",\"description\":\"Contact, situation et acc\u00e8s. Voici comment atteindre notre h\u00f4tel Nolda \u00e0 St. Moritz en Engadine. Vacances en Suisse.\",\"breadcrumb\":{\"@id\":\"https:\\\/\\\/hotel-nolda.ch\\\/fr\\\/contact\\\/#breadcrumb\"},\"inLanguage\":\"fr-FR\",\"potentialAction\":[{\"@type\":\"ReadAction\",\"target\":[\"https:\\\/\\\/hotel-nolda.ch\\\/fr\\\/contact\\\/\"]}]},{\"@type\":\"BreadcrumbList\",\"@id\":\"https:\\\/\\\/hotel-nolda.ch\\\/fr\\\/contact\\\/#breadcrumb\",\"itemListElement\":[{\"@type\":\"ListItem\",\"position\":1,\"name\":\"Home\",\"item\":\"https:\\\/\\\/hotel-nolda.ch\\\/home-sommer\\\/\"},{\"@type\":\"ListItem\",\"position\":2,\"name\":\"Contact\"}]},{\"@type\":\"WebSite\",\"@id\":\"https:\\\/\\\/hotel-nolda.ch\\\/#website\",\"url\":\"https:\\\/\\\/hotel-nolda.ch\\\/\",\"name\":\"Hotel Nolda St. Moritz | Das Hotel an der Bergbahn\",\"description\":\"L&#039;h\u00f4tel pr\u00e8s du t\u00e9l\u00e9ph\u00e9rique\",\"publisher\":{\"@id\":\"https:\\\/\\\/hotel-nolda.ch\\\/#organization\"},\"potentialAction\":[{\"@type\":\"SearchAction\",\"target\":{\"@type\":\"EntryPoint\",\"urlTemplate\":\"https:\\\/\\\/hotel-nolda.ch\\\/?s={search_term_string}\"},\"query-input\":{\"@type\":\"PropertyValueSpecification\",\"valueRequired\":true,\"valueName\":\"search_term_string\"}}],\"inLanguage\":\"fr-FR\"},{\"@type\":\"Organization\",\"@id\":\"https:\\\/\\\/hotel-nolda.ch\\\/#organization\",\"name\":\"H\u00f4tel Nolda St. Moritz | L'h\u00f4tel pr\u00e8s du t\u00e9l\u00e9ph\u00e9rique\",\"url\":\"https:\\\/\\\/hotel-nolda.ch\\\/\",\"logo\":{\"@type\":\"ImageObject\",\"inLanguage\":\"fr-FR\",\"@id\":\"https:\\\/\\\/hotel-nolda.ch\\\/#\\\/schema\\\/logo\\\/image\\\/\",\"url\":\"https:\\\/\\\/hotel-nolda.ch\\\/wp-content\\\/uploads\\\/2024\\\/07\\\/Hotel-Nolda-logo.svg\",\"contentUrl\":\"https:\\\/\\\/hotel-nolda.ch\\\/wp-content\\\/uploads\\\/2024\\\/07\\\/Hotel-Nolda-logo.svg\",\"width\":296,\"height\":140,\"caption\":\"H\u00f4tel Nolda St. Moritz | L'h\u00f4tel pr\u00e8s du t\u00e9l\u00e9ph\u00e9rique\"},\"image\":{\"@id\":\"https:\\\/\\\/hotel-nolda.ch\\\/#\\\/schema\\\/logo\\\/image\\\/\"},\"sameAs\":[\"https:\\\/\\\/www.facebook.com\\\/hotel.nolda\\\/\",\"https:\\\/\\\/www.instagram.com\\\/hotelnolda_stmoritz\\\/\"]}]}<\/script>\n<!-- \/ Yoast SEO plugin. -->","yoast_head_json":{"title":"Contact - H\u00f4tel Nolda St. Moritz","description":"Contact, situation et acc\u00e8s. Voici comment atteindre notre h\u00f4tel Nolda \u00e0 St. Moritz en Engadine. Vacances en Suisse.","robots":{"index":"index","follow":"follow","max-snippet":"max-snippet:-1","max-image-preview":"max-image-preview:large","max-video-preview":"max-video-preview:-1"},"canonical":"https:\/\/hotel-nolda.ch\/fr\/contact\/","og_locale":"fr_FR","og_type":"article","og_title":"Contact - H\u00f4tel Nolda St. Moritz","og_description":"Contact, situation et acc\u00e8s. Voici comment atteindre notre h\u00f4tel Nolda \u00e0 St. Moritz en Engadine. Vacances en Suisse.","og_url":"https:\/\/hotel-nolda.ch\/fr\/contact\/","og_site_name":"Hotel Nolda St. Moritz","article_publisher":"https:\/\/www.facebook.com\/hotel.nolda\/","article_modified_time":"2025-01-03T12:25:39+00:00","og_image":[{"width":600,"height":340,"url":"https:\/\/hotel-nolda.ch\/wp-content\/uploads\/2024\/12\/Hotel-Nolda-St-Moritz-hotel-winter-thumb.jpg","type":"image\/jpeg"}],"twitter_card":"summary_large_image","twitter_misc":{"Dur\u00e9e de lecture estim\u00e9e":"1 minute"},"schema":{"@context":"https:\/\/schema.org","@graph":[{"@type":"WebPage","@id":"https:\/\/hotel-nolda.ch\/fr\/contact\/","url":"https:\/\/hotel-nolda.ch\/fr\/contact\/","name":"Contact - H\u00f4tel Nolda St. Moritz","isPartOf":{"@id":"https:\/\/hotel-nolda.ch\/#website"},"datePublished":"2024-07-09T15:35:41+00:00","dateModified":"2025-01-03T12:25:39+00:00","description":"Contact, situation et acc\u00e8s. Voici comment atteindre notre h\u00f4tel Nolda \u00e0 St. Moritz en Engadine. Vacances en Suisse.","breadcrumb":{"@id":"https:\/\/hotel-nolda.ch\/fr\/contact\/#breadcrumb"},"inLanguage":"fr-FR","potentialAction":[{"@type":"ReadAction","target":["https:\/\/hotel-nolda.ch\/fr\/contact\/"]}]},{"@type":"BreadcrumbList","@id":"https:\/\/hotel-nolda.ch\/fr\/contact\/#breadcrumb","itemListElement":[{"@type":"ListItem","position":1,"name":"Home","item":"https:\/\/hotel-nolda.ch\/home-sommer\/"},{"@type":"ListItem","position":2,"name":"Contact"}]},{"@type":"WebSite","@id":"https:\/\/hotel-nolda.ch\/#website","url":"https:\/\/hotel-nolda.ch\/","name":"Hotel Nolda St. Moritz | Das Hotel an der Bergbahn","description":"L&#039;h\u00f4tel pr\u00e8s du t\u00e9l\u00e9ph\u00e9rique","publisher":{"@id":"https:\/\/hotel-nolda.ch\/#organization"},"potentialAction":[{"@type":"SearchAction","target":{"@type":"EntryPoint","urlTemplate":"https:\/\/hotel-nolda.ch\/?s={search_term_string}"},"query-input":{"@type":"PropertyValueSpecification","valueRequired":true,"valueName":"search_term_string"}}],"inLanguage":"fr-FR"},{"@type":"Organization","@id":"https:\/\/hotel-nolda.ch\/#organization","name":"H\u00f4tel Nolda St. Moritz | L'h\u00f4tel pr\u00e8s du t\u00e9l\u00e9ph\u00e9rique","url":"https:\/\/hotel-nolda.ch\/","logo":{"@type":"ImageObject","inLanguage":"fr-FR","@id":"https:\/\/hotel-nolda.ch\/#\/schema\/logo\/image\/","url":"https:\/\/hotel-nolda.ch\/wp-content\/uploads\/2024\/07\/Hotel-Nolda-logo.svg","contentUrl":"https:\/\/hotel-nolda.ch\/wp-content\/uploads\/2024\/07\/Hotel-Nolda-logo.svg","width":296,"height":140,"caption":"H\u00f4tel Nolda St. Moritz | L'h\u00f4tel pr\u00e8s du t\u00e9l\u00e9ph\u00e9rique"},"image":{"@id":"https:\/\/hotel-nolda.ch\/#\/schema\/logo\/image\/"},"sameAs":["https:\/\/www.facebook.com\/hotel.nolda\/","https:\/\/www.instagram.com\/hotelnolda_stmoritz\/"]}]}},"_links":{"self":[{"href":"https:\/\/hotel-nolda.ch\/fr\/wp-json\/wp\/v2\/pages\/1695","targetHints":{"allow":["GET"]}}],"collection":[{"href":"https:\/\/hotel-nolda.ch\/fr\/wp-json\/wp\/v2\/pages"}],"about":[{"href":"https:\/\/hotel-nolda.ch\/fr\/wp-json\/wp\/v2\/types\/page"}],"author":[{"embeddable":true,"href":"https:\/\/hotel-nolda.ch\/fr\/wp-json\/wp\/v2\/users\/1"}],"replies":[{"embeddable":true,"href":"https:\/\/hotel-nolda.ch\/fr\/wp-json\/wp\/v2\/comments?post=1695"}],"version-history":[{"count":6,"href":"https:\/\/hotel-nolda.ch\/fr\/wp-json\/wp\/v2\/pages\/1695\/revisions"}],"predecessor-version":[{"id":3224,"href":"https:\/\/hotel-nolda.ch\/fr\/wp-json\/wp\/v2\/pages\/1695\/revisions\/3224"}],"wp:attachment":[{"href":"https:\/\/hotel-nolda.ch\/fr\/wp-json\/wp\/v2\/media?parent=1695"}],"curies":[{"name":"wp","href":"https:\/\/api.w.org\/{rel}","templated":true}]}}