{"id":1638,"date":"2024-07-09T17:34:25","date_gmt":"2024-07-09T15:34:25","guid":{"rendered":"https:\/\/hotel-nolda.ch\/meilleur-prix\/"},"modified":"2026-04-21T16:13:35","modified_gmt":"2026-04-21T14:13:35","slug":"meilleur-prix","status":"publish","type":"page","link":"https:\/\/hotel-nolda.ch\/fr\/meilleur-prix\/","title":{"rendered":"Meilleur prix"},"content":{"rendered":"\t\t<div data-elementor-type=\"wp-page\" data-elementor-id=\"1638\" class=\"elementor elementor-1638 elementor-389\" data-elementor-post-type=\"page\">\n\t\t\t\t<div class=\"elementor-element elementor-element-7679a9e e-flex e-con-boxed e-con e-parent\" data-id=\"7679a9e\" data-element_type=\"container\" data-e-type=\"container\" data-settings=\"{&quot;background_background&quot;:&quot;classic&quot;}\">\n\t\t\t\t\t<div class=\"e-con-inner\">\n\t\t\t\t<div class=\"elementor-element elementor-element-88a660f animated-slow elementor-invisible elementor-widget elementor-widget-heading\" data-id=\"88a660f\" data-element_type=\"widget\" data-e-type=\"widget\" data-settings=\"{&quot;_animation&quot;:&quot;fadeInUp&quot;,&quot;_animation_delay&quot;:200}\" data-widget_type=\"heading.default\">\n\t\t\t\t<div class=\"elementor-widget-container\">\n\t\t\t\t\t<h2 class=\"elementor-heading-title elementor-size-default\">Charmant. Moderne. Alpin. <br>L'h\u00f4tel Nolda.  <\/h2>\t\t\t\t<\/div>\n\t\t\t\t<\/div>\n\t\t\t\t\t<\/div>\n\t\t\t\t<\/div>\n\t\t<div class=\"elementor-element elementor-element-8a5475e e-flex e-con-boxed e-con e-parent\" data-id=\"8a5475e\" data-element_type=\"container\" data-e-type=\"container\">\n\t\t\t\t\t<div class=\"e-con-inner\">\n\t\t<div class=\"elementor-element elementor-element-b713ac6 animated-slow e-flex e-con-boxed elementor-invisible e-con e-child\" data-id=\"b713ac6\" data-element_type=\"container\" data-e-type=\"container\" data-settings=\"{&quot;animation&quot;:&quot;fadeIn&quot;,&quot;animation_delay&quot;:200}\">\n\t\t\t\t\t<div class=\"e-con-inner\">\n\t\t<div class=\"elementor-element elementor-element-33b1901 e-con-full e-flex e-con e-child\" data-id=\"33b1901\" data-element_type=\"container\" data-e-type=\"container\">\n\t\t\t\t<div class=\"elementor-element elementor-element-b0f7d06 elementor-invisible elementor-widget elementor-widget-heading\" data-id=\"b0f7d06\" data-element_type=\"widget\" data-e-type=\"widget\" data-settings=\"{&quot;_animation&quot;:&quot;fadeInUp&quot;,&quot;_animation_delay&quot;:400}\" data-widget_type=\"heading.default\">\n\t\t\t\t<div class=\"elementor-widget-container\">\n\t\t\t\t\t<h3 class=\"elementor-heading-title elementor-size-default\">H\u00f4tel Nolda St. Moritz<\/h3>\t\t\t\t<\/div>\n\t\t\t\t<\/div>\n\t\t\t\t<div class=\"elementor-element elementor-element-9e707c3 animated-slow elementor-invisible elementor-widget elementor-widget-heading\" data-id=\"9e707c3\" data-element_type=\"widget\" data-e-type=\"widget\" data-settings=\"{&quot;_animation_delay&quot;:500,&quot;_animation&quot;:&quot;fadeInUp&quot;}\" data-widget_type=\"heading.default\">\n\t\t\t\t<div class=\"elementor-widget-container\">\n\t\t\t\t\t<h2 class=\"elementor-heading-title elementor-size-default\">TOUJOURS LE MEILLEUR PRIX <\/h2>\t\t\t\t<\/div>\n\t\t\t\t<\/div>\n\t\t\t\t<div class=\"elementor-element elementor-element-63356a9 animated-slow elementor-invisible elementor-widget elementor-widget-text-editor\" data-id=\"63356a9\" data-element_type=\"widget\" data-e-type=\"widget\" data-settings=\"{&quot;_animation&quot;:&quot;fadeIn&quot;,&quot;_animation_delay&quot;:600}\" data-widget_type=\"text-editor.default\">\n\t\t\t\t<div class=\"elementor-widget-container\">\n\t\t\t\t\t\t\t\t\t<p><strong>R\u00e9servez en ligne sur ce site.<\/strong><\/p><p>Ainsi, vous obtenez toujours le meilleur prix.<\/p>\t\t\t\t\t\t\t\t<\/div>\n\t\t\t\t<\/div>\n\t\t\t\t<div class=\"elementor-element elementor-element-c47d543 elementor-align-left animated-slow elementor-invisible elementor-widget elementor-widget-button\" data-id=\"c47d543\" data-element_type=\"widget\" data-e-type=\"widget\" data-settings=\"{&quot;_animation&quot;:&quot;fadeInUp&quot;,&quot;_animation_delay&quot;:200}\" data-widget_type=\"button.default\">\n\t\t\t\t<div class=\"elementor-widget-container\">\n\t\t\t\t\t\t\t\t\t<div class=\"elementor-button-wrapper\">\n\t\t\t\t\t<a class=\"elementor-button elementor-button-link elementor-size-sm elementor-animation-sink\" href=\"https:\/\/www.simplebooking.it\/ibe2\/hotel\/4993?lang=FR&#038;cur=CHF\">\n\t\t\t\t\t\t<span class=\"elementor-button-content-wrapper\">\n\t\t\t\t\t\t\t\t\t<span class=\"elementor-button-text\">Au meilleur prix<\/span>\n\t\t\t\t\t<\/span>\n\t\t\t\t\t<\/a>\n\t\t\t\t<\/div>\n\t\t\t\t\t\t\t\t<\/div>\n\t\t\t\t<\/div>\n\t\t\t\t<\/div>\n\t\t\t\t\t<\/div>\n\t\t\t\t<\/div>\n\t\t\t\t\t<\/div>\n\t\t\t\t<\/div>\n\t\t<div class=\"elementor-element elementor-element-18f38c7 animated-slow e-flex e-con-boxed elementor-invisible e-con e-parent\" data-id=\"18f38c7\" data-element_type=\"container\" data-e-type=\"container\" data-settings=\"{&quot;background_background&quot;:&quot;classic&quot;,&quot;animation&quot;:&quot;fadeIn&quot;,&quot;animation_delay&quot;:200}\">\n\t\t\t\t\t<div class=\"e-con-inner\">\n\t\t\t\t<div class=\"elementor-element elementor-element-693803a elementor-widget elementor-widget-heading\" data-id=\"693803a\" data-element_type=\"widget\" data-e-type=\"widget\" data-widget_type=\"heading.default\">\n\t\t\t\t<div class=\"elementor-widget-container\">\n\t\t\t\t\t<h3 class=\"elementor-heading-title elementor-size-default\">Garanti<\/h3>\t\t\t\t<\/div>\n\t\t\t\t<\/div>\n\t\t\t\t<div class=\"elementor-element elementor-element-c1f6cf6 elementor-widget-divider--view-line elementor-widget elementor-widget-divider\" data-id=\"c1f6cf6\" data-element_type=\"widget\" data-e-type=\"widget\" data-widget_type=\"divider.default\">\n\t\t\t\t<div class=\"elementor-widget-container\">\n\t\t\t\t\t\t\t<div class=\"elementor-divider\">\n\t\t\t<span class=\"elementor-divider-separator\">\n\t\t\t\t\t\t<\/span>\n\t\t<\/div>\n\t\t\t\t\t\t<\/div>\n\t\t\t\t<\/div>\n\t\t\t\t<div class=\"elementor-element elementor-element-c64b5ed animated-slow elementor-invisible elementor-widget elementor-widget-text-editor\" data-id=\"c64b5ed\" data-element_type=\"widget\" data-e-type=\"widget\" data-settings=\"{&quot;_animation&quot;:&quot;fadeIn&quot;,&quot;_animation_delay&quot;:600}\" data-widget_type=\"text-editor.default\">\n\t\t\t\t<div class=\"elementor-widget-container\">\n\t\t\t\t\t\t\t\t\t<p>R\u00e9servez en ligne ici, car notre meilleur prix est moins cher que sur des sites de r\u00e9servation comme Booking.com.<\/p><p>Vous pouvez \u00e9galement nous envoyer un e-mail ou simplement appeler notre r\u00e9ception; vous b\u00e9n\u00e9ficierez ainsi \u00e9galement du meilleur prix.<\/p>\t\t\t\t\t\t\t\t<\/div>\n\t\t\t\t<\/div>\n\t\t\t\t\t<\/div>\n\t\t\t\t<\/div>\n\t\t<div class=\"elementor-element elementor-element-c849dc7 e-flex e-con-boxed e-con e-parent\" data-id=\"c849dc7\" data-element_type=\"container\" data-e-type=\"container\" data-settings=\"{&quot;background_background&quot;:&quot;classic&quot;}\">\n\t\t\t\t\t<div class=\"e-con-inner\">\n\t\t<div class=\"elementor-element elementor-element-a02dd73 e-con-full e-flex e-con e-child\" data-id=\"a02dd73\" data-element_type=\"container\" data-e-type=\"container\">\n\t\t\t\t<div class=\"elementor-element elementor-element-a195939 elementor-widget elementor-widget-heading\" data-id=\"a195939\" data-element_type=\"widget\" data-e-type=\"widget\" data-settings=\"{&quot;motion_fx_motion_fx_scrolling&quot;:&quot;yes&quot;,&quot;motion_fx_blur_effect&quot;:&quot;yes&quot;,&quot;motion_fx_blur_level&quot;:{&quot;unit&quot;:&quot;px&quot;,&quot;size&quot;:3,&quot;sizes&quot;:[]},&quot;motion_fx_blur_range&quot;:{&quot;unit&quot;:&quot;%&quot;,&quot;size&quot;:&quot;&quot;,&quot;sizes&quot;:{&quot;start&quot;:20,&quot;end&quot;:40}},&quot;motion_fx_blur_direction&quot;:&quot;out-in&quot;,&quot;motion_fx_devices&quot;:[&quot;widescreen&quot;,&quot;desktop&quot;,&quot;laptop&quot;,&quot;tablet_extra&quot;,&quot;tablet&quot;,&quot;mobile_extra&quot;,&quot;mobile&quot;]}\" data-widget_type=\"heading.default\">\n\t\t\t\t<div class=\"elementor-widget-container\">\n\t\t\t\t\t<h3 class=\"elementor-heading-title elementor-size-default\">Une s\u00e9curit\u00e9 totale<\/h3>\t\t\t\t<\/div>\n\t\t\t\t<\/div>\n\t\t\t\t<div class=\"elementor-element elementor-element-9128bd2 elementor-widget elementor-widget-heading\" data-id=\"9128bd2\" data-element_type=\"widget\" data-e-type=\"widget\" data-settings=\"{&quot;motion_fx_motion_fx_scrolling&quot;:&quot;yes&quot;,&quot;motion_fx_blur_effect&quot;:&quot;yes&quot;,&quot;motion_fx_blur_level&quot;:{&quot;unit&quot;:&quot;px&quot;,&quot;size&quot;:3,&quot;sizes&quot;:[]},&quot;motion_fx_blur_range&quot;:{&quot;unit&quot;:&quot;%&quot;,&quot;size&quot;:&quot;&quot;,&quot;sizes&quot;:{&quot;start&quot;:20,&quot;end&quot;:40}},&quot;motion_fx_blur_direction&quot;:&quot;out-in&quot;,&quot;motion_fx_devices&quot;:[&quot;widescreen&quot;,&quot;desktop&quot;,&quot;laptop&quot;,&quot;tablet_extra&quot;,&quot;tablet&quot;,&quot;mobile_extra&quot;,&quot;mobile&quot;]}\" data-widget_type=\"heading.default\">\n\t\t\t\t<div class=\"elementor-widget-container\">\n\t\t\t\t\t<h2 class=\"elementor-heading-title elementor-size-default\">Nolda <br>inclus<\/h2>\t\t\t\t<\/div>\n\t\t\t\t<\/div>\n\t\t<div class=\"elementor-element elementor-element-581946d e-con-full e-flex e-con e-child\" data-id=\"581946d\" data-element_type=\"container\" data-e-type=\"container\">\n\t\t\t\t<div class=\"elementor-element elementor-element-7e10a16 elementor-widget__width-initial animated-slow elementor-position-top elementor-invisible elementor-widget elementor-widget-image-box\" data-id=\"7e10a16\" data-element_type=\"widget\" data-e-type=\"widget\" data-settings=\"{&quot;_animation&quot;:&quot;fadeIn&quot;,&quot;_animation_delay&quot;:200}\" data-widget_type=\"image-box.default\">\n\t\t\t\t<div class=\"elementor-widget-container\">\n\t\t\t\t\t<div class=\"elementor-image-box-wrapper\"><figure class=\"elementor-image-box-img\"><img decoding=\"async\" width=\"192\" height=\"201\" src=\"https:\/\/hotel-nolda.ch\/wp-content\/uploads\/2024\/07\/nolda-traumlage.svg\" class=\"attachment-full size-full wp-image-975\" alt=\"\" \/><\/figure><div class=\"elementor-image-box-content\"><h3 class=\"elementor-image-box-title\">Situation de r\u00eave<\/h3><p class=\"elementor-image-box-description\">Que ce soit en \u00e9t\u00e9 ou en hiver : Le Signalbahn n'est qu'\u00e0 50 m\u00e8tres et vous emm\u00e8ne directement au Corviglia Piz Nair toutes les 20 minutes.<\/p><\/div><\/div>\t\t\t\t<\/div>\n\t\t\t\t<\/div>\n\t\t\t\t<div class=\"elementor-element elementor-element-e897879 elementor-widget__width-initial animated-slow elementor-position-top elementor-invisible elementor-widget elementor-widget-image-box\" data-id=\"e897879\" data-element_type=\"widget\" data-e-type=\"widget\" data-settings=\"{&quot;_animation&quot;:&quot;fadeIn&quot;,&quot;_animation_delay&quot;:300}\" data-widget_type=\"image-box.default\">\n\t\t\t\t<div class=\"elementor-widget-container\">\n\t\t\t\t\t<div class=\"elementor-image-box-wrapper\"><figure class=\"elementor-image-box-img\"><img decoding=\"async\" width=\"192\" height=\"201\" src=\"https:\/\/hotel-nolda.ch\/wp-content\/uploads\/2024\/07\/nolda-bergbahn-inklusive.svg\" class=\"attachment-full size-full wp-image-978\" alt=\"\" \/><\/figure><div class=\"elementor-image-box-content\"><h3 class=\"elementor-image-box-title\">T\u00e9l\u00e9ph\u00e9rique inclus<\/h3><p class=\"elementor-image-box-description\">Acc\u00e8s gratuit aux remont\u00e9es m\u00e9caniques et aux transports publics de l'Engadine. Valable \u00e0 partir de deux nuits en \u00e9t\u00e9. <\/p><\/div><\/div>\t\t\t\t<\/div>\n\t\t\t\t<\/div>\n\t\t\t\t<div class=\"elementor-element elementor-element-e340f2e elementor-widget__width-initial animated-slow elementor-position-top elementor-invisible elementor-widget elementor-widget-image-box\" data-id=\"e340f2e\" data-element_type=\"widget\" data-e-type=\"widget\" data-settings=\"{&quot;_animation&quot;:&quot;fadeIn&quot;,&quot;_animation_delay&quot;:400}\" data-widget_type=\"image-box.default\">\n\t\t\t\t<div class=\"elementor-widget-container\">\n\t\t\t\t\t<div class=\"elementor-image-box-wrapper\"><figure class=\"elementor-image-box-img\"><img decoding=\"async\" width=\"192\" height=\"201\" src=\"https:\/\/hotel-nolda.ch\/wp-content\/uploads\/2024\/07\/nolda-ski-sleep.svg\" class=\"attachment-full size-full wp-image-981\" alt=\"\" \/><\/figure><div class=\"elementor-image-box-content\"><h3 class=\"elementor-image-box-title\">Sleep + Ski<\/h3><p class=\"elementor-image-box-description\">Les h\u00f4tes re\u00e7oivent le forfait de ski pour la dur\u00e9e de leur s\u00e9jour pour seulement CHF 55.00 par personne et par jour plus des frais de service uniques de CHF 10.00 par personne. Valable en hiver. <\/p><\/div><\/div>\t\t\t\t<\/div>\n\t\t\t\t<\/div>\n\t\t\t\t<\/div>\n\t\t\t\t<\/div>\n\t\t\t\t\t<\/div>\n\t\t\t\t<\/div>\n\t\t\t\t<\/div>\n\t\t","protected":false},"excerpt":{"rendered":"<p>Charmant. Moderne. Alpin. L&rsquo;h\u00f4tel Nolda. H\u00f4tel Nolda St. Moritz TOUJOURS LE MEILLEUR PRIX R\u00e9servez en ligne sur ce site. Ainsi, [&hellip;]<\/p>\n","protected":false},"author":1,"featured_media":0,"parent":0,"menu_order":0,"comment_status":"closed","ping_status":"closed","template":"","meta":{"inline_featured_image":false,"site-sidebar-layout":"no-sidebar","site-content-layout":"","ast-site-content-layout":"full-width-container","site-content-style":"default","site-sidebar-style":"default","ast-global-header-display":"","ast-banner-title-visibility":"","ast-main-header-display":"","ast-hfb-above-header-display":"","ast-hfb-below-header-display":"","ast-hfb-mobile-header-display":"","site-post-title":"disabled","ast-breadcrumbs-content":"","ast-featured-img":"disabled","footer-sml-layout":"","ast-disable-related-posts":"","theme-transparent-header-meta":"","adv-header-id-meta":"","stick-header-meta":"","header-above-stick-meta":"","header-main-stick-meta":"","header-below-stick-meta":"","astra-migrate-meta-layouts":"default","ast-page-background-enabled":"default","ast-page-background-meta":{"desktop":{"background-color":"var(--ast-global-color-4)","background-image":"","background-repeat":"repeat","background-position":"center center","background-size":"auto","background-attachment":"scroll","background-type":"","background-media":"","overlay-type":"","overlay-color":"","overlay-opacity":"","overlay-gradient":""},"tablet":{"background-color":"","background-image":"","background-repeat":"repeat","background-position":"center center","background-size":"auto","background-attachment":"scroll","background-type":"","background-media":"","overlay-type":"","overlay-color":"","overlay-opacity":"","overlay-gradient":""},"mobile":{"background-color":"","background-image":"","background-repeat":"repeat","background-position":"center center","background-size":"auto","background-attachment":"scroll","background-type":"","background-media":"","overlay-type":"","overlay-color":"","overlay-opacity":"","overlay-gradient":""}},"ast-content-background-meta":{"desktop":{"background-color":"var(--ast-global-color-5)","background-image":"","background-repeat":"repeat","background-position":"center center","background-size":"auto","background-attachment":"scroll","background-type":"","background-media":"","overlay-type":"","overlay-color":"","overlay-opacity":"","overlay-gradient":""},"tablet":{"background-color":"var(--ast-global-color-5)","background-image":"","background-repeat":"repeat","background-position":"center center","background-size":"auto","background-attachment":"scroll","background-type":"","background-media":"","overlay-type":"","overlay-color":"","overlay-opacity":"","overlay-gradient":""},"mobile":{"background-color":"var(--ast-global-color-5)","background-image":"","background-repeat":"repeat","background-position":"center center","background-size":"auto","background-attachment":"scroll","background-type":"","background-media":"","overlay-type":"","overlay-color":"","overlay-opacity":"","overlay-gradient":""}},"footnotes":""},"class_list":["post-1638","page","type-page","status-publish","hentry"],"yoast_head":"<!-- This site is optimized with the Yoast SEO plugin v27.4 - https:\/\/yoast.com\/product\/yoast-seo-wordpress\/ -->\n<title>R\u00e9servez au meilleur prix - H\u00f4tel Nolda St. Moritz<\/title>\n<meta name=\"description\" content=\"R\u00e9servez ici en ligne, car notre meilleur prix est plus avantageux que sur tous les autres portails de r\u00e9servation comme Booking.com.\" \/>\n<meta name=\"robots\" content=\"index, follow, max-snippet:-1, max-image-preview:large, max-video-preview:-1\" \/>\n<link rel=\"canonical\" href=\"https:\/\/hotel-nolda.ch\/fr\/meilleur-prix\/\" \/>\n<meta property=\"og:locale\" content=\"fr_FR\" \/>\n<meta property=\"og:type\" content=\"article\" \/>\n<meta property=\"og:title\" content=\"R\u00e9servez au meilleur prix - H\u00f4tel Nolda St. Moritz\" \/>\n<meta property=\"og:description\" content=\"R\u00e9servez ici en ligne, car notre meilleur prix est plus avantageux que sur tous les autres portails de r\u00e9servation comme Booking.com.\" \/>\n<meta property=\"og:url\" content=\"https:\/\/hotel-nolda.ch\/fr\/meilleur-prix\/\" \/>\n<meta property=\"og:site_name\" content=\"Hotel Nolda St. Moritz\" \/>\n<meta property=\"article:publisher\" content=\"https:\/\/www.facebook.com\/hotel.nolda\/\" \/>\n<meta property=\"article:modified_time\" content=\"2026-04-21T14:13:35+00:00\" \/>\n<meta property=\"og:image\" content=\"https:\/\/hotel-nolda.ch\/wp-content\/uploads\/2024\/12\/Hotel-Nolda-St-Moritz-hotel-winter-thumb.jpg\" \/>\n\t<meta property=\"og:image:width\" content=\"600\" \/>\n\t<meta property=\"og:image:height\" content=\"340\" \/>\n\t<meta property=\"og:image:type\" content=\"image\/jpeg\" \/>\n<meta name=\"twitter:card\" content=\"summary_large_image\" \/>\n<meta name=\"twitter:label1\" content=\"Dur\u00e9e de lecture estim\u00e9e\" \/>\n\t<meta name=\"twitter:data1\" content=\"1 minute\" \/>\n<script type=\"application\/ld+json\" class=\"yoast-schema-graph\">{\"@context\":\"https:\\\/\\\/schema.org\",\"@graph\":[{\"@type\":\"WebPage\",\"@id\":\"https:\\\/\\\/hotel-nolda.ch\\\/fr\\\/meilleur-prix\\\/\",\"url\":\"https:\\\/\\\/hotel-nolda.ch\\\/fr\\\/meilleur-prix\\\/\",\"name\":\"R\u00e9servez au meilleur prix - H\u00f4tel Nolda St. Moritz\",\"isPartOf\":{\"@id\":\"https:\\\/\\\/hotel-nolda.ch\\\/#website\"},\"primaryImageOfPage\":{\"@id\":\"https:\\\/\\\/hotel-nolda.ch\\\/fr\\\/meilleur-prix\\\/#primaryimage\"},\"image\":{\"@id\":\"https:\\\/\\\/hotel-nolda.ch\\\/fr\\\/meilleur-prix\\\/#primaryimage\"},\"thumbnailUrl\":\"https:\\\/\\\/hotel-nolda.ch\\\/wp-content\\\/uploads\\\/2024\\\/07\\\/nolda-traumlage.svg\",\"datePublished\":\"2024-07-09T15:34:25+00:00\",\"dateModified\":\"2026-04-21T14:13:35+00:00\",\"description\":\"R\u00e9servez ici en ligne, car notre meilleur prix est plus avantageux que sur tous les autres portails de r\u00e9servation comme Booking.com.\",\"breadcrumb\":{\"@id\":\"https:\\\/\\\/hotel-nolda.ch\\\/fr\\\/meilleur-prix\\\/#breadcrumb\"},\"inLanguage\":\"fr-FR\",\"potentialAction\":[{\"@type\":\"ReadAction\",\"target\":[\"https:\\\/\\\/hotel-nolda.ch\\\/fr\\\/meilleur-prix\\\/\"]}]},{\"@type\":\"ImageObject\",\"inLanguage\":\"fr-FR\",\"@id\":\"https:\\\/\\\/hotel-nolda.ch\\\/fr\\\/meilleur-prix\\\/#primaryimage\",\"url\":\"https:\\\/\\\/hotel-nolda.ch\\\/wp-content\\\/uploads\\\/2024\\\/07\\\/nolda-traumlage.svg\",\"contentUrl\":\"https:\\\/\\\/hotel-nolda.ch\\\/wp-content\\\/uploads\\\/2024\\\/07\\\/nolda-traumlage.svg\"},{\"@type\":\"BreadcrumbList\",\"@id\":\"https:\\\/\\\/hotel-nolda.ch\\\/fr\\\/meilleur-prix\\\/#breadcrumb\",\"itemListElement\":[{\"@type\":\"ListItem\",\"position\":1,\"name\":\"Home\",\"item\":\"https:\\\/\\\/hotel-nolda.ch\\\/fr\\\/home-ete\\\/\"},{\"@type\":\"ListItem\",\"position\":2,\"name\":\"Meilleur prix\"}]},{\"@type\":\"WebSite\",\"@id\":\"https:\\\/\\\/hotel-nolda.ch\\\/#website\",\"url\":\"https:\\\/\\\/hotel-nolda.ch\\\/\",\"name\":\"Hotel Nolda St. Moritz | Das Hotel an der Bergbahn\",\"description\":\"L&#039;h\u00f4tel pr\u00e8s du t\u00e9l\u00e9ph\u00e9rique\",\"publisher\":{\"@id\":\"https:\\\/\\\/hotel-nolda.ch\\\/#organization\"},\"potentialAction\":[{\"@type\":\"SearchAction\",\"target\":{\"@type\":\"EntryPoint\",\"urlTemplate\":\"https:\\\/\\\/hotel-nolda.ch\\\/?s={search_term_string}\"},\"query-input\":{\"@type\":\"PropertyValueSpecification\",\"valueRequired\":true,\"valueName\":\"search_term_string\"}}],\"inLanguage\":\"fr-FR\"},{\"@type\":\"Organization\",\"@id\":\"https:\\\/\\\/hotel-nolda.ch\\\/#organization\",\"name\":\"H\u00f4tel Nolda St. Moritz | L'h\u00f4tel pr\u00e8s du t\u00e9l\u00e9ph\u00e9rique\",\"url\":\"https:\\\/\\\/hotel-nolda.ch\\\/\",\"logo\":{\"@type\":\"ImageObject\",\"inLanguage\":\"fr-FR\",\"@id\":\"https:\\\/\\\/hotel-nolda.ch\\\/#\\\/schema\\\/logo\\\/image\\\/\",\"url\":\"https:\\\/\\\/hotel-nolda.ch\\\/wp-content\\\/uploads\\\/2024\\\/07\\\/Hotel-Nolda-logo.svg\",\"contentUrl\":\"https:\\\/\\\/hotel-nolda.ch\\\/wp-content\\\/uploads\\\/2024\\\/07\\\/Hotel-Nolda-logo.svg\",\"width\":296,\"height\":140,\"caption\":\"H\u00f4tel Nolda St. Moritz | L'h\u00f4tel pr\u00e8s du t\u00e9l\u00e9ph\u00e9rique\"},\"image\":{\"@id\":\"https:\\\/\\\/hotel-nolda.ch\\\/#\\\/schema\\\/logo\\\/image\\\/\"},\"sameAs\":[\"https:\\\/\\\/www.facebook.com\\\/hotel.nolda\\\/\",\"https:\\\/\\\/www.instagram.com\\\/hotelnolda_stmoritz\\\/\"]}]}<\/script>\n<!-- \/ Yoast SEO plugin. -->","yoast_head_json":{"title":"R\u00e9servez au meilleur prix - H\u00f4tel Nolda St. Moritz","description":"R\u00e9servez ici en ligne, car notre meilleur prix est plus avantageux que sur tous les autres portails de r\u00e9servation comme Booking.com.","robots":{"index":"index","follow":"follow","max-snippet":"max-snippet:-1","max-image-preview":"max-image-preview:large","max-video-preview":"max-video-preview:-1"},"canonical":"https:\/\/hotel-nolda.ch\/fr\/meilleur-prix\/","og_locale":"fr_FR","og_type":"article","og_title":"R\u00e9servez au meilleur prix - H\u00f4tel Nolda St. Moritz","og_description":"R\u00e9servez ici en ligne, car notre meilleur prix est plus avantageux que sur tous les autres portails de r\u00e9servation comme Booking.com.","og_url":"https:\/\/hotel-nolda.ch\/fr\/meilleur-prix\/","og_site_name":"Hotel Nolda St. Moritz","article_publisher":"https:\/\/www.facebook.com\/hotel.nolda\/","article_modified_time":"2026-04-21T14:13:35+00:00","og_image":[{"width":600,"height":340,"url":"https:\/\/hotel-nolda.ch\/wp-content\/uploads\/2024\/12\/Hotel-Nolda-St-Moritz-hotel-winter-thumb.jpg","type":"image\/jpeg"}],"twitter_card":"summary_large_image","twitter_misc":{"Dur\u00e9e de lecture estim\u00e9e":"1 minute"},"schema":{"@context":"https:\/\/schema.org","@graph":[{"@type":"WebPage","@id":"https:\/\/hotel-nolda.ch\/fr\/meilleur-prix\/","url":"https:\/\/hotel-nolda.ch\/fr\/meilleur-prix\/","name":"R\u00e9servez au meilleur prix - H\u00f4tel Nolda St. Moritz","isPartOf":{"@id":"https:\/\/hotel-nolda.ch\/#website"},"primaryImageOfPage":{"@id":"https:\/\/hotel-nolda.ch\/fr\/meilleur-prix\/#primaryimage"},"image":{"@id":"https:\/\/hotel-nolda.ch\/fr\/meilleur-prix\/#primaryimage"},"thumbnailUrl":"https:\/\/hotel-nolda.ch\/wp-content\/uploads\/2024\/07\/nolda-traumlage.svg","datePublished":"2024-07-09T15:34:25+00:00","dateModified":"2026-04-21T14:13:35+00:00","description":"R\u00e9servez ici en ligne, car notre meilleur prix est plus avantageux que sur tous les autres portails de r\u00e9servation comme Booking.com.","breadcrumb":{"@id":"https:\/\/hotel-nolda.ch\/fr\/meilleur-prix\/#breadcrumb"},"inLanguage":"fr-FR","potentialAction":[{"@type":"ReadAction","target":["https:\/\/hotel-nolda.ch\/fr\/meilleur-prix\/"]}]},{"@type":"ImageObject","inLanguage":"fr-FR","@id":"https:\/\/hotel-nolda.ch\/fr\/meilleur-prix\/#primaryimage","url":"https:\/\/hotel-nolda.ch\/wp-content\/uploads\/2024\/07\/nolda-traumlage.svg","contentUrl":"https:\/\/hotel-nolda.ch\/wp-content\/uploads\/2024\/07\/nolda-traumlage.svg"},{"@type":"BreadcrumbList","@id":"https:\/\/hotel-nolda.ch\/fr\/meilleur-prix\/#breadcrumb","itemListElement":[{"@type":"ListItem","position":1,"name":"Home","item":"https:\/\/hotel-nolda.ch\/fr\/home-ete\/"},{"@type":"ListItem","position":2,"name":"Meilleur prix"}]},{"@type":"WebSite","@id":"https:\/\/hotel-nolda.ch\/#website","url":"https:\/\/hotel-nolda.ch\/","name":"Hotel Nolda St. Moritz | Das Hotel an der Bergbahn","description":"L&#039;h\u00f4tel pr\u00e8s du t\u00e9l\u00e9ph\u00e9rique","publisher":{"@id":"https:\/\/hotel-nolda.ch\/#organization"},"potentialAction":[{"@type":"SearchAction","target":{"@type":"EntryPoint","urlTemplate":"https:\/\/hotel-nolda.ch\/?s={search_term_string}"},"query-input":{"@type":"PropertyValueSpecification","valueRequired":true,"valueName":"search_term_string"}}],"inLanguage":"fr-FR"},{"@type":"Organization","@id":"https:\/\/hotel-nolda.ch\/#organization","name":"H\u00f4tel Nolda St. Moritz | L'h\u00f4tel pr\u00e8s du t\u00e9l\u00e9ph\u00e9rique","url":"https:\/\/hotel-nolda.ch\/","logo":{"@type":"ImageObject","inLanguage":"fr-FR","@id":"https:\/\/hotel-nolda.ch\/#\/schema\/logo\/image\/","url":"https:\/\/hotel-nolda.ch\/wp-content\/uploads\/2024\/07\/Hotel-Nolda-logo.svg","contentUrl":"https:\/\/hotel-nolda.ch\/wp-content\/uploads\/2024\/07\/Hotel-Nolda-logo.svg","width":296,"height":140,"caption":"H\u00f4tel Nolda St. Moritz | L'h\u00f4tel pr\u00e8s du t\u00e9l\u00e9ph\u00e9rique"},"image":{"@id":"https:\/\/hotel-nolda.ch\/#\/schema\/logo\/image\/"},"sameAs":["https:\/\/www.facebook.com\/hotel.nolda\/","https:\/\/www.instagram.com\/hotelnolda_stmoritz\/"]}]}},"_links":{"self":[{"href":"https:\/\/hotel-nolda.ch\/fr\/wp-json\/wp\/v2\/pages\/1638","targetHints":{"allow":["GET"]}}],"collection":[{"href":"https:\/\/hotel-nolda.ch\/fr\/wp-json\/wp\/v2\/pages"}],"about":[{"href":"https:\/\/hotel-nolda.ch\/fr\/wp-json\/wp\/v2\/types\/page"}],"author":[{"embeddable":true,"href":"https:\/\/hotel-nolda.ch\/fr\/wp-json\/wp\/v2\/users\/1"}],"replies":[{"embeddable":true,"href":"https:\/\/hotel-nolda.ch\/fr\/wp-json\/wp\/v2\/comments?post=1638"}],"version-history":[{"count":10,"href":"https:\/\/hotel-nolda.ch\/fr\/wp-json\/wp\/v2\/pages\/1638\/revisions"}],"predecessor-version":[{"id":5282,"href":"https:\/\/hotel-nolda.ch\/fr\/wp-json\/wp\/v2\/pages\/1638\/revisions\/5282"}],"wp:attachment":[{"href":"https:\/\/hotel-nolda.ch\/fr\/wp-json\/wp\/v2\/media?parent=1638"}],"curies":[{"name":"wp","href":"https:\/\/api.w.org\/{rel}","templated":true}]}}